{"id":1217,"date":"2020-08-30T15:32:20","date_gmt":"2020-08-30T15:32:20","guid":{"rendered":"http:\/\/mosgliwice.pl\/?page_id=1217"},"modified":"2024-01-17T12:55:53","modified_gmt":"2024-01-17T12:55:53","slug":"komunikaty-dyrektora","status":"publish","type":"page","link":"https:\/\/mosgliwice.pl\/?page_id=1217","title":{"rendered":"KOMUNIKATY DYREKTORA"},"content":{"rendered":"\n<p><a href=\"https:\/\/mosgliwice.pl\/wp-content\/uploads\/2024\/01\/POMOC-ZDROWOTNA-DLA-NAUCZYCIELI.pdf\">POMOC ZDROWOTNA DLA NAUCZYCIELI<\/a><\/p>\n\n\n\n<p><a href=\"https:\/\/mosgliwice.pl\/wp-content\/uploads\/2020\/10\/Klauzula-RODO.docx\">KLAUZULA DOTYCZ\u0104CA RODO<\/a><\/p>\n\n\n\n<p><a href=\"https:\/\/mosgliwice.pl\/wp-content\/uploads\/2020\/08\/Regulamin-funkcjonowania-Plac\u00f3wki-w-czasie-epidemii.pdf\">REGULAMIN FUNKCJONOWANIA PLAC\u00d3WKI W CZASIE EPIDEMII <\/a><\/p>\n\n\n\n<p><a href=\"https:\/\/mosgliwice.pl\/wp-content\/uploads\/2020\/08\/Wytyczne_dla_szk\u00f3\u0142_i_plac\u00f3wek_-_wrzesie\u0144_2020.pdf\">WYTYCZNE MEN I GIS DOTYCZ\u0104CE SZK\u00d3\u0141 I PLAC\u00d3WEK<\/a><\/p>\n\n\n\n\n\n<p><\/p>\n","protected":false},"excerpt":{"rendered":"<p>POMOC ZDROWOTNA DLA NAUCZYCIELI KLAUZULA DOTYCZ\u0104CA RODO REGULAMIN FUNKCJONOWANIA PLAC\u00d3WKI W CZASIE EPIDEMII WYTYCZNE MEN I GIS DOTYCZ\u0104CE SZK\u00d3\u0141 I PLAC\u00d3WEK<\/p>\n","protected":false},"author":1,"featured_media":0,"parent":0,"menu_order":0,"comment_status":"closed","ping_status":"closed","template":"","meta":{"footnotes":""},"class_list":["post-1217","page","type-page","status-publish","hentry"],"_links":{"self":[{"href":"https:\/\/mosgliwice.pl\/index.php?rest_route=\/wp\/v2\/pages\/1217","targetHints":{"allow":["GET"]}}],"collection":[{"href":"https:\/\/mosgliwice.pl\/index.php?rest_route=\/wp\/v2\/pages"}],"about":[{"href":"https:\/\/mosgliwice.pl\/index.php?rest_route=\/wp\/v2\/types\/page"}],"author":[{"embeddable":true,"href":"https:\/\/mosgliwice.pl\/index.php?rest_route=\/wp\/v2\/users\/1"}],"replies":[{"embeddable":true,"href":"https:\/\/mosgliwice.pl\/index.php?rest_route=%2Fwp%2Fv2%2Fcomments&post=1217"}],"version-history":[{"count":11,"href":"https:\/\/mosgliwice.pl\/index.php?rest_route=\/wp\/v2\/pages\/1217\/revisions"}],"predecessor-version":[{"id":1841,"href":"https:\/\/mosgliwice.pl\/index.php?rest_route=\/wp\/v2\/pages\/1217\/revisions\/1841"}],"wp:attachment":[{"href":"https:\/\/mosgliwice.pl\/index.php?rest_route=%2Fwp%2Fv2%2Fmedia&parent=1217"}],"curies":[{"name":"wp","href":"https:\/\/api.w.org\/{rel}","templated":true}]}}