{"id":133,"date":"2016-03-13T10:50:38","date_gmt":"2016-03-13T10:50:38","guid":{"rendered":"http:\/\/mosgliwice.pl\/?page_id=133"},"modified":"2025-11-04T10:22:48","modified_gmt":"2025-11-04T10:22:48","slug":"kontakt","status":"publish","type":"page","link":"https:\/\/mosgliwice.pl\/?page_id=133","title":{"rendered":"KONTAKT"},"content":{"rendered":"<p><strong>DANE ADRESOWE<\/strong><br \/>M\u0142odzie\u017cowy O\u015brodek Socjoterapii<br \/>ul.Sikorskiego 134<br \/><span lang=\"EN-US\">44 -103 Gliwice<\/span>-So\u015bnica (<a href=\"https:\/\/www.google.pl\/maps\/place\/Gen.+Sikorskiego+134,+44-103+Gliwice\/@50.2877985,18.7455503,14z\/data=!4m2!3m1!1s0x4711322ee1119277:0x659853fa08c3c401\">zobacz<\/a>)<br \/><span lang=\"EN-US\">tel 32\u00a0234 24 23<\/span><br \/><span lang=\"EN-US\">fax 32\u00a0234 50 07<\/span><br \/><span lang=\"EN-US\">e-mail: <a href=\"mailto:sekretariat@mos.gliwice.eu\">sekretariat@mos.gliwice.eu<\/a><\/span><\/p>\n<p>epuap: mosgliwice<\/p>\n<p><strong>Dyrektor &#8211; Mariola Gajek &#8211; Czapla<br \/>Sekretarz &#8211; Ma\u0142gorzata Ostrowska godz. urz\u0119dowania 8.00-15.00<\/strong><\/p>\n<div>\u00a0<\/div>\n\n\n<p><\/p>\n","protected":false},"excerpt":{"rendered":"<p>DANE ADRESOWEM\u0142odzie\u017cowy O\u015brodek Socjoterapiiul.Sikorskiego 13444 -103 Gliwice-So\u015bnica (zobacz)tel 32\u00a0234 24 23fax 32\u00a0234 50 07e-mail: sekretariat@mos.gliwice.eu epuap: mosgliwice Dyrektor &#8211; Mariola Gajek &#8211; CzaplaSekretarz &#8211; Ma\u0142gorzata Ostrowska godz. urz\u0119dowania 8.00-15.00 \u00a0<\/p>\n","protected":false},"author":1,"featured_media":0,"parent":0,"menu_order":0,"comment_status":"closed","ping_status":"closed","template":"","meta":{"footnotes":""},"class_list":["post-133","page","type-page","status-publish","hentry"],"_links":{"self":[{"href":"https:\/\/mosgliwice.pl\/index.php?rest_route=\/wp\/v2\/pages\/133","targetHints":{"allow":["GET"]}}],"collection":[{"href":"https:\/\/mosgliwice.pl\/index.php?rest_route=\/wp\/v2\/pages"}],"about":[{"href":"https:\/\/mosgliwice.pl\/index.php?rest_route=\/wp\/v2\/types\/page"}],"author":[{"embeddable":true,"href":"https:\/\/mosgliwice.pl\/index.php?rest_route=\/wp\/v2\/users\/1"}],"replies":[{"embeddable":true,"href":"https:\/\/mosgliwice.pl\/index.php?rest_route=%2Fwp%2Fv2%2Fcomments&post=133"}],"version-history":[{"count":11,"href":"https:\/\/mosgliwice.pl\/index.php?rest_route=\/wp\/v2\/pages\/133\/revisions"}],"predecessor-version":[{"id":2513,"href":"https:\/\/mosgliwice.pl\/index.php?rest_route=\/wp\/v2\/pages\/133\/revisions\/2513"}],"wp:attachment":[{"href":"https:\/\/mosgliwice.pl\/index.php?rest_route=%2Fwp%2Fv2%2Fmedia&parent=133"}],"curies":[{"name":"wp","href":"https:\/\/api.w.org\/{rel}","templated":true}]}}