{"id":1717,"date":"2023-05-31T14:55:12","date_gmt":"2023-05-31T14:55:12","guid":{"rendered":"http:\/\/mosgliwice.pl\/?page_id=1717"},"modified":"2024-01-17T12:49:43","modified_gmt":"2024-01-17T12:49:43","slug":"laboratoria-przyszlosci","status":"publish","type":"page","link":"https:\/\/mosgliwice.pl\/?page_id=1717","title":{"rendered":"LABORATORIA PRZYSZ\u0141O\u015aCI"},"content":{"rendered":"\n<p><strong>PRZYGOTOWANIA DO \u015aWI\u0104T<\/strong><br>Listopad i grudzie\u0144 to miesi\u0105ce przygotowa\u0144 do \u015bwi\u0105t. U nas r\u00f3wnie\u017c. Na kiermasz \u015bwi\u0105teczny przygotowali\u015bmy: d\u017cemy jab\u0142kowe, du\u017co ciasteczek orzechowych i jeszcze wi\u0119cej piernik\u00f3w. Pewnie cz\u0119\u015b\u0107 z Was mia\u0142a okazj\u0119 spr\u00f3bowa\u0107. A w przerwie pomi\u0119dzy przygotowaniami robili\u015bmy jeszcze nale\u015bniki!\u00a0<\/p>\n\n\n\n<figure class=\"wp-block-gallery has-nested-images columns-default is-cropped wp-block-gallery-1 is-layout-flex wp-block-gallery-is-layout-flex\">\n<figure class=\"wp-block-image size-large\"><img loading=\"lazy\" decoding=\"async\" width=\"768\" height=\"1024\" data-id=\"1835\" src=\"https:\/\/mosgliwice.pl\/wp-content\/uploads\/2024\/01\/lp1-768x1024.jpg\" alt=\"\" class=\"wp-image-1835\" srcset=\"https:\/\/mosgliwice.pl\/wp-content\/uploads\/2024\/01\/lp1-768x1024.jpg 768w, https:\/\/mosgliwice.pl\/wp-content\/uploads\/2024\/01\/lp1-225x300.jpg 225w, https:\/\/mosgliwice.pl\/wp-content\/uploads\/2024\/01\/lp1-1152x1536.jpg 1152w, https:\/\/mosgliwice.pl\/wp-content\/uploads\/2024\/01\/lp1-1536x2048.jpg 1536w, https:\/\/mosgliwice.pl\/wp-content\/uploads\/2024\/01\/lp1-scaled.jpg 1920w\" sizes=\"auto, (max-width: 768px) 100vw, 768px\" \/><\/figure>\n\n\n\n<figure class=\"wp-block-image size-large\"><img loading=\"lazy\" decoding=\"async\" width=\"768\" height=\"1024\" data-id=\"1836\" src=\"https:\/\/mosgliwice.pl\/wp-content\/uploads\/2024\/01\/lp2-768x1024.jpg\" alt=\"\" class=\"wp-image-1836\" srcset=\"https:\/\/mosgliwice.pl\/wp-content\/uploads\/2024\/01\/lp2-768x1024.jpg 768w, https:\/\/mosgliwice.pl\/wp-content\/uploads\/2024\/01\/lp2-225x300.jpg 225w, https:\/\/mosgliwice.pl\/wp-content\/uploads\/2024\/01\/lp2-1152x1536.jpg 1152w, https:\/\/mosgliwice.pl\/wp-content\/uploads\/2024\/01\/lp2.jpg 1536w\" sizes=\"auto, (max-width: 768px) 100vw, 768px\" \/><\/figure>\n<\/figure>\n\n\n\n<p class=\"has-text-align-left\"><strong>NOWY ROK SZKOLNY 2023\/2024<\/strong><br>Nowy rok szkolny to nowe wyzwania dla naszych uczni\u00f3w. W tym miesi\u0105cu zapoznali si\u0119 z maszyn\u0105 do szycia i pr\u00f3bowali swoich si\u0142 tworz\u0105c opaski na \u0142adowarki. Dla niekt\u00f3rych to by\u0142a du\u017ca pr\u00f3ba cierpliwo\u015bci i wytrwa\u0142o\u015bci.<\/p>\n\n\n<div class=\"wp-block-image\">\n<figure class=\"aligncenter size-large is-resized\"><img loading=\"lazy\" decoding=\"async\" src=\"https:\/\/mosgliwice.pl\/wp-content\/uploads\/2022\/03\/LP-1-769x1024.jpg\" alt=\"\" class=\"wp-image-1767\" width=\"317\" height=\"430\"\/><\/figure>\n<\/div>\n\n\n<p><strong><br>&#8222;ZR\u00d3B I ZJEDZ&#8221;<\/strong><br>Kolejny miesi\u0105c, kolejne zaj\u0119cia\u2026 Tym razem mieli\u015bmy okazj\u0119 korzysta\u0107 ze sprz\u0119tu z zaplecza kulinarnego. Robili\u015bmy: nale\u015bniki, tosty, gofry, sa\u0142atki owocowe i warzywne. Jednak to nale\u015bniki wzbudzi\u0142y najwi\u0119ksze zainteresowanie. Od samego pocz\u0105tku do samego ko\u0144ca wszystkie czynno\u015bci wykonywali\u015bmy samodzielnie \u2013 od przygotowania odpowiednich sk\u0142adnik\u00f3w, po\u2026 konsumowanie.&nbsp;<br><a href=\"https:\/\/www.facebook.com\/hashtag\/laboratoriaprzysz%C5%82o%C5%9Bci?__eep__=6&amp;__cft__[0]=AZVRWHQKPBCTgysD9ngdES-CwrfcqgAnx1hHT_qDOBFRFrRAZ_kic9s1z8jimNVTJmmhOvsxfy1a1urIhNZnmZ39XdmaDM_dtItpHs4odGKi2bEAQW1VNtwJukDJD-ngZxh5ueUy3L54J5lOAERNoq2C&amp;__tn__=*NK-R\">#LaboratoriaPrzysz\u0142o\u015bci<\/a><\/p>\n\n\n<div class=\"wp-block-image\">\n<figure class=\"aligncenter size-full\"><img loading=\"lazy\" decoding=\"async\" width=\"404\" height=\"404\" src=\"https:\/\/mosgliwice.pl\/wp-content\/uploads\/2022\/03\/pageL.jpg\" alt=\"\" class=\"wp-image-1708\" srcset=\"https:\/\/mosgliwice.pl\/wp-content\/uploads\/2022\/03\/pageL.jpg 404w, https:\/\/mosgliwice.pl\/wp-content\/uploads\/2022\/03\/pageL-300x300.jpg 300w, https:\/\/mosgliwice.pl\/wp-content\/uploads\/2022\/03\/pageL-150x150.jpg 150w\" sizes=\"auto, (max-width: 404px) 100vw, 404px\" \/><\/figure>\n<\/div>\n\n\n<p><strong>&#8222;TA\u0143COWA\u0141A IG\u0141A Z NITK\u0104&#8221;<\/strong><br>Miesi\u0105c marzec up\u0142yn\u0105\u0142 nam na przygodzie z maszyn\u0105 do szycia. Pomimo stereotyp\u00f3w, \u017ce tylko kobieta potrafi pos\u0142ugiwa\u0107 si\u0119 perfekcyjnie zautomatyzowan\u0105 ig\u0142\u0105 i nitk\u0105. Prze\u0142amujemy mity. Poznajemy tajniki \u015bcieg\u00f3w, rodzaje materia\u0142\u00f3w oraz tworzymy swoje r\u0119kodzie\u0142a. Za nami woreczki na drobiazgi, a jeszcze przed \u015bwi\u0119tami postaramy si\u0119 doko\u0144czy\u0107 nasze kurki wielkanocne.<br><\/p>\n\n\n<div class=\"wp-block-image\">\n<figure class=\"aligncenter size-full is-resized\"><img loading=\"lazy\" decoding=\"async\" src=\"https:\/\/mosgliwice.pl\/wp-content\/uploads\/2022\/03\/ll1.jpg\" alt=\"\" class=\"wp-image-1706\" width=\"373\" height=\"282\"\/><\/figure>\n<\/div>\n\n<div class=\"wp-block-image\">\n<figure class=\"aligncenter size-large is-resized\"><img loading=\"lazy\" decoding=\"async\" src=\"https:\/\/mosgliwice.pl\/wp-content\/uploads\/2022\/03\/ll2-768x1024.jpg\" alt=\"\" class=\"wp-image-1707\" width=\"318\" height=\"430\"\/><\/figure>\n<\/div>\n\n\n<p><br><strong>SPOTKANIE Z PROJEKTEM <\/strong><br>W ostatnich tygodniach odbywa\u0142y si\u0119 pierwsze zaj\u0119cia z wykorzystaniem sprz\u0119tu<br>z Laboratorium Przysz\u0142o\u015bci. Ch\u0142opcy pierwszy raz mieli styczno\u015b\u0107 z mo\u017cliwo\u015bci\u0105 projektowania grafik 3D za po\u015brednictwem platformy Tinkercard, a p\u00f3\u017aniej i wydrukiem zaprojektowanych przez siebie rzeczy. Co kolejne spotkanie, mieli wi\u0119cej pomys\u0142\u00f3w. A oto kilka przyk\u0142ad\u00f3w. Czekajcie na wi\u0119cej\u2026 @LaboratoriaPrzysz\u0142o\u015bci.&nbsp;Czekajcie na wi\u0119cej\u2026<img loading=\"lazy\" decoding=\"async\" width=\"16\" height=\"16\" src=\"https:\/\/static.xx.fbcdn.net\/images\/emoji.php\/v9\/t55\/1.5\/16\/1f44d.png\" alt=\"&#x1f44d;\"><img loading=\"lazy\" decoding=\"async\" width=\"16\" height=\"16\" src=\"https:\/\/static.xx.fbcdn.net\/images\/emoji.php\/v9\/ta5\/1.5\/16\/1f642.png\" alt=\"&#x1f642;\"><img loading=\"lazy\" decoding=\"async\" width=\"16\" height=\"16\" src=\"https:\/\/static.xx.fbcdn.net\/images\/emoji.php\/v9\/t55\/1.5\/16\/1f44d.png\" alt=\"&#x1f44d;\"><br><a href=\"https:\/\/www.facebook.com\/hashtag\/laboratoriaprzyszlosci?__eep__=6&amp;__cft__[0]=AZXnTcnIxxNoOoeFaGGi4av9d9f9dJnZvP096NPyORf7b3y9ViyC4EYSJOzvtY3tOGZDUWy1cTzX-4HFm0YTwx7CwFQI60tejQC_5APYZ7YK5cTiWpCrpKJdJMOR8AdJr-pCaYcLDnSwa_AmxNKgVzqHt24d-I7UExa5V574KN6syzUTyYxFq6dpHflW3T1NJ8w&amp;__tn__=*NK-R\">#LaboratoriaPrzyszlosci<\/a><br>Informacje o projekcie:&nbsp;<a href=\"https:\/\/www.gov.pl\/web\/laboratoria\/o-programie2\">https:\/\/www.gov.pl\/web\/laboratoria\/o-programie2<\/a><\/p>\n\n\n<div class=\"wp-block-image\">\n<figure class=\"aligncenter size-full\"><img loading=\"lazy\" decoding=\"async\" width=\"404\" height=\"404\" src=\"https:\/\/mosgliwice.pl\/wp-content\/uploads\/2022\/03\/pageLP.jpg\" alt=\"\" class=\"wp-image-1692\" srcset=\"https:\/\/mosgliwice.pl\/wp-content\/uploads\/2022\/03\/pageLP.jpg 404w, https:\/\/mosgliwice.pl\/wp-content\/uploads\/2022\/03\/pageLP-300x300.jpg 300w, https:\/\/mosgliwice.pl\/wp-content\/uploads\/2022\/03\/pageLP-150x150.jpg 150w\" sizes=\"auto, (max-width: 404px) 100vw, 404px\" \/><\/figure>\n<\/div>\n\n<div class=\"wp-block-image\">\n<figure class=\"aligncenter size-large is-resized\"><img loading=\"lazy\" decoding=\"async\" src=\"https:\/\/mosgliwice.pl\/wp-content\/uploads\/2022\/03\/LP4-461x1024.jpg\" alt=\"\" class=\"wp-image-1693\" width=\"250\" height=\"562\"\/><\/figure>\n<\/div>","protected":false},"excerpt":{"rendered":"<p>PRZYGOTOWANIA DO \u015aWI\u0104TListopad i grudzie\u0144 to miesi\u0105ce przygotowa\u0144 do \u015bwi\u0105t. U nas r\u00f3wnie\u017c. Na kiermasz \u015bwi\u0105teczny przygotowali\u015bmy: d\u017cemy jab\u0142kowe, du\u017co ciasteczek orzechowych i jeszcze wi\u0119cej piernik\u00f3w. Pewnie cz\u0119\u015b\u0107 z Was mia\u0142a okazj\u0119 spr\u00f3bowa\u0107. A w przerwie pomi\u0119dzy przygotowaniami robili\u015bmy jeszcze &hellip; <a href=\"https:\/\/mosgliwice.pl\/?page_id=1717\">Czytaj dalej <span class=\"meta-nav\">&rarr;<\/span><\/a><\/p>\n","protected":false},"author":1,"featured_media":0,"parent":0,"menu_order":0,"comment_status":"closed","ping_status":"closed","template":"","meta":{"footnotes":""},"class_list":["post-1717","page","type-page","status-publish","hentry"],"_links":{"self":[{"href":"https:\/\/mosgliwice.pl\/index.php?rest_route=\/wp\/v2\/pages\/1717","targetHints":{"allow":["GET"]}}],"collection":[{"href":"https:\/\/mosgliwice.pl\/index.php?rest_route=\/wp\/v2\/pages"}],"about":[{"href":"https:\/\/mosgliwice.pl\/index.php?rest_route=\/wp\/v2\/types\/page"}],"author":[{"embeddable":true,"href":"https:\/\/mosgliwice.pl\/index.php?rest_route=\/wp\/v2\/users\/1"}],"replies":[{"embeddable":true,"href":"https:\/\/mosgliwice.pl\/index.php?rest_route=%2Fwp%2Fv2%2Fcomments&post=1717"}],"version-history":[{"count":8,"href":"https:\/\/mosgliwice.pl\/index.php?rest_route=\/wp\/v2\/pages\/1717\/revisions"}],"predecessor-version":[{"id":1838,"href":"https:\/\/mosgliwice.pl\/index.php?rest_route=\/wp\/v2\/pages\/1717\/revisions\/1838"}],"wp:attachment":[{"href":"https:\/\/mosgliwice.pl\/index.php?rest_route=%2Fwp%2Fv2%2Fmedia&parent=1717"}],"curies":[{"name":"wp","href":"https:\/\/api.w.org\/{rel}","templated":true}]}}