{"id":1896,"date":"2024-09-09T08:20:41","date_gmt":"2024-09-09T08:20:41","guid":{"rendered":"http:\/\/mosgliwice.pl\/?page_id=1896"},"modified":"2024-10-10T10:59:28","modified_gmt":"2024-10-10T10:59:28","slug":"standardy-ochrony-maloletnich","status":"publish","type":"page","link":"https:\/\/mosgliwice.pl\/?page_id=1896","title":{"rendered":"STANDARDY OCHRONY MA\u0141OLETNICH"},"content":{"rendered":"\n<p><\/p>\n\n\n\n<p><strong>Polityka oraz procedury ochrony dzieci przed krzywdzeniem<br>w M\u0142odzie\u017cowym O\u015brodku Socjoterapii w Gliwicach<\/strong><\/p>\n\n\n\n<div data-wp-interactive=\"core\/file\" class=\"wp-block-file\"><object data-wp-bind--hidden=\"!state.hasPdfPreview\" hidden class=\"wp-block-file__embed\" data=\"https:\/\/mosgliwice.pl\/wp-content\/uploads\/2024\/10\/Standardy-wersja-dla-maloletnich.pdf\" type=\"application\/pdf\" style=\"width:100%;height:600px\" aria-label=\"Osadzone z Standardy wersja dla ma\u0142oletnich.\"><\/object><a id=\"wp-block-file--media-fd9f10a4-e2b3-4df5-9f66-a5cdd44778b9\" href=\"https:\/\/mosgliwice.pl\/wp-content\/uploads\/2024\/10\/Standardy-wersja-dla-maloletnich.pdf\">Standardy wersja dla ma\u0142oletnich<\/a><a href=\"https:\/\/mosgliwice.pl\/wp-content\/uploads\/2024\/10\/Standardy-wersja-dla-maloletnich.pdf\" class=\"wp-block-file__button wp-element-button\" download aria-describedby=\"wp-block-file--media-fd9f10a4-e2b3-4df5-9f66-a5cdd44778b9\">Pobierz<\/a><\/div>\n\n\n\n<div data-wp-interactive=\"core\/file\" class=\"wp-block-file\"><object data-wp-bind--hidden=\"!state.hasPdfPreview\" hidden class=\"wp-block-file__embed\" data=\"https:\/\/mosgliwice.pl\/wp-content\/uploads\/2024\/09\/Standardy-ochrony.pdf\" type=\"application\/pdf\" style=\"width:100%;height:600px\" aria-label=\"Osadzone z Standardy-ochrony.\"><\/object><a id=\"wp-block-file--media-a55a0587-3450-44c7-a71f-3ac353294604\" href=\"https:\/\/mosgliwice.pl\/wp-content\/uploads\/2024\/09\/Standardy-ochrony.pdf\">Standardy-ochrony<\/a><a href=\"https:\/\/mosgliwice.pl\/wp-content\/uploads\/2024\/09\/Standardy-ochrony.pdf\" class=\"wp-block-file__button wp-element-button\" download aria-describedby=\"wp-block-file--media-a55a0587-3450-44c7-a71f-3ac353294604\">Pobierz<\/a><\/div>\n\n\n\n<div data-wp-interactive=\"core\/file\" class=\"wp-block-file\"><object data-wp-bind--hidden=\"!state.hasPdfPreview\" hidden class=\"wp-block-file__embed\" data=\"https:\/\/mosgliwice.pl\/wp-content\/uploads\/2024\/09\/Polityka-ochrony-dzieci.pdf\" type=\"application\/pdf\" style=\"width:100%;height:600px\" aria-label=\"Osadzone z Polityka-ochrony-dzieci.\"><\/object><a id=\"wp-block-file--media-f7a86d8d-cfae-40ce-8f99-d7757d1398b1\" href=\"https:\/\/mosgliwice.pl\/wp-content\/uploads\/2024\/09\/Polityka-ochrony-dzieci.pdf\">Polityka-ochrony-dzieci<\/a><a href=\"https:\/\/mosgliwice.pl\/wp-content\/uploads\/2024\/09\/Polityka-ochrony-dzieci.pdf\" class=\"wp-block-file__button wp-element-button\" download aria-describedby=\"wp-block-file--media-f7a86d8d-cfae-40ce-8f99-d7757d1398b1\">Pobierz<\/a><\/div>\n","protected":false},"excerpt":{"rendered":"<p>Polityka oraz procedury ochrony dzieci przed krzywdzeniemw M\u0142odzie\u017cowym O\u015brodku Socjoterapii w Gliwicach<\/p>\n","protected":false},"author":1,"featured_media":0,"parent":0,"menu_order":0,"comment_status":"closed","ping_status":"closed","template":"showcase.php","meta":{"footnotes":""},"class_list":["post-1896","page","type-page","status-publish","hentry"],"_links":{"self":[{"href":"https:\/\/mosgliwice.pl\/index.php?rest_route=\/wp\/v2\/pages\/1896","targetHints":{"allow":["GET"]}}],"collection":[{"href":"https:\/\/mosgliwice.pl\/index.php?rest_route=\/wp\/v2\/pages"}],"about":[{"href":"https:\/\/mosgliwice.pl\/index.php?rest_route=\/wp\/v2\/types\/page"}],"author":[{"embeddable":true,"href":"https:\/\/mosgliwice.pl\/index.php?rest_route=\/wp\/v2\/users\/1"}],"replies":[{"embeddable":true,"href":"https:\/\/mosgliwice.pl\/index.php?rest_route=%2Fwp%2Fv2%2Fcomments&post=1896"}],"version-history":[{"count":6,"href":"https:\/\/mosgliwice.pl\/index.php?rest_route=\/wp\/v2\/pages\/1896\/revisions"}],"predecessor-version":[{"id":2070,"href":"https:\/\/mosgliwice.pl\/index.php?rest_route=\/wp\/v2\/pages\/1896\/revisions\/2070"}],"wp:attachment":[{"href":"https:\/\/mosgliwice.pl\/index.php?rest_route=%2Fwp%2Fv2%2Fmedia&parent=1896"}],"curies":[{"name":"wp","href":"https:\/\/api.w.org\/{rel}","templated":true}]}}