{"id":2,"date":"2016-02-03T04:08:41","date_gmt":"2016-02-03T04:08:41","guid":{"rendered":"http:\/\/wp442m.a10-52-158-154.qa.plesk.ru\/wordpress\/?page_id=2"},"modified":"2026-03-06T07:18:16","modified_gmt":"2026-03-06T07:18:16","slug":"sample-page","status":"publish","type":"page","link":"https:\/\/mosgliwice.pl\/?page_id=2","title":{"rendered":"DLA RODZIC\u00d3W"},"content":{"rendered":"\n<p class=\"has-text-color has-link-color wp-elements-2ac8f85410dd5e1bb6936de5e6f507a2\" style=\"color:#f70000\"><strong>NASZ O\u015aRODEK JEST PLAC\u00d3WK\u0104 WY\u0141\u0104CZNIE DLA CH\u0141OPC\u00d3W UCZ\u0118SZCZAJ\u0104CYCH DO KLAS 5-8 SZKO\u0141Y PODSTAWOWEJ<\/strong><\/p>\n\n\n<p><strong>ANEKS DO REGULAMINU PLAC\u00d3WKI<\/strong> <a href=\"https:\/\/mosgliwice.pl\/wp-content\/uploads\/2024\/03\/Aneks-do-regulaminu.pdf\">zobacz<\/a><\/p>\n<p><strong>GODZINY DOST\u0118PNO\u015aCI NAUCZYCIELI<\/strong> <a href=\"https:\/\/mosgliwice.pl\/wp-content\/uploads\/2023\/12\/Godziny-dostepnosci-nauczycieli-w-roku-szkolnym-23-24.pdf\">zobacz<\/a><\/p>\n<p><strong>LISTA RZECZY DLA WYCHOWANKA MOS <\/strong><a href=\"https:\/\/mosgliwice.pl\/wp-content\/uploads\/2022\/03\/lista-rzeczy-do-MOS.docx\">pobierz<\/a><\/p>\n<p><strong>PROCEDURY BEZPIECZE\u0143STWA OBOWI\u0104ZUJ\u0104CE W PLAC\u00d3WCE<\/strong> <a href=\"http:\/\/www.ore.edu.pl\/2015\/06\/procedury-interwencyjne-w-szkole-materialy-do-pobrania\/\">pobierz<\/a><\/p>\n<p><b>WARUNKI PRZYJ\u0118CIA DO PLAC\u00d3WKI<br \/><img loading=\"lazy\" decoding=\"async\" class=\"size-medium wp-image-565 aligncenter\" src=\"https:\/\/mosgliwice.pl\/wp-content\/uploads\/2016\/03\/rekrutacja-2-300x166.jpg\" sizes=\"auto, (max-width: 300px) 100vw, 300px\" srcset=\"https:\/\/mosgliwice.pl\/wp-content\/uploads\/2016\/03\/rekrutacja-2-300x166.jpg 300w, https:\/\/mosgliwice.pl\/wp-content\/uploads\/2016\/03\/rekrutacja-2-768x424.jpg 768w, https:\/\/mosgliwice.pl\/wp-content\/uploads\/2016\/03\/rekrutacja-2-500x276.jpg 500w, https:\/\/mosgliwice.pl\/wp-content\/uploads\/2016\/03\/rekrutacja-2.jpg 800w\" alt=\"\" width=\"300\" height=\"166\" \/><\/b><strong>SZANOWNI RODZICE I OPIEKUNOWIE<\/strong><br \/>Prosimy o zapoznanie si\u0119 z warunkami przyj\u0119cia wychowank\u00f3w do naszej plac\u00f3wki.<br \/>Pozwoli nam to na optymalne wykorzystanie miejsc i usprawni proces przyj\u0119cia.<br \/><img loading=\"lazy\" decoding=\"async\" class=\"size-medium wp-image-566 aligncenter\" src=\"https:\/\/mosgliwice.pl\/wp-content\/uploads\/2016\/03\/rekrutacja_krok_po_kroku-300x125.png\" sizes=\"auto, (max-width: 300px) 100vw, 300px\" srcset=\"https:\/\/mosgliwice.pl\/wp-content\/uploads\/2016\/03\/rekrutacja_krok_po_kroku-300x125.png 300w, https:\/\/mosgliwice.pl\/wp-content\/uploads\/2016\/03\/rekrutacja_krok_po_kroku-768x320.png 768w, https:\/\/mosgliwice.pl\/wp-content\/uploads\/2016\/03\/rekrutacja_krok_po_kroku-1024x427.png 1024w, https:\/\/mosgliwice.pl\/wp-content\/uploads\/2016\/03\/rekrutacja_krok_po_kroku-500x208.png 500w, https:\/\/mosgliwice.pl\/wp-content\/uploads\/2016\/03\/rekrutacja_krok_po_kroku.png 1200w\" alt=\"\" width=\"300\" height=\"125\" \/><span style=\"color: #ff0000;\"><strong>Krok 1 \u2013 warunki niezb\u0119dne:<\/strong><\/span><br \/><span style=\"color: #ff0000;\">&#8211; Podanie rodzic\u00f3w przes\u0142ane do plac\u00f3wki<\/span><br \/><span style=\"color: #ff0000;\">&#8211; Spotkanie i rozmowa z dyrektorem, pedagogiem i psychologiem<\/span><br \/><span style=\"color: #ff0000;\">informacja zwrotna dla rodzic\u00f3w lub opiekun\u00f3w.<\/span><br \/><span style=\"color: #ff0000;\"><strong>Krok 2 \u2013 spe\u0142nienie warunk\u00f3w formalnych:<\/strong><\/span><br \/><span style=\"color: #ff0000;\">&#8211; Posiadanie orzeczenia do kszta\u0142cenia specjalnego ze wzgl\u0119du na zagro\u017cenie niedostosowaniem spo\u0142ecznym<\/span><br \/><span style=\"color: #ff0000;\">&#8211; Wydanie skierowania przez w\u0142a\u015bciwy organ.<\/span><\/p>\n<p><strong>Dokumenty wymagane przy przyj\u0119ciu wychowanka do M\u0142odzie\u017cowego O\u015brodka Socjoterapii w Gliwicach<\/strong><\/p>\n<ol>\n<li><strong>Podanie rodzic\u00f3w\/ prawnych opiekun\u00f3w o przyj\u0119cie do O\u015brodka<\/strong><\/li>\n<li><strong>Orzeczenie o potrzebie kszta\u0142cenia specjalnego wydane przez publiczn\u0105 poradni\u0119 psychologiczno-pedagogiczn\u0105 lub niepubliczn\u0105 poradni\u0119 o uprawnieniach poradni publicznej<\/strong><\/li>\n<li><strong>Dokumentacja przebiegu nauczania<\/strong><\/li>\n<li><strong>Odpis aktu urodzenia<\/strong><\/li>\n<li><strong>Po\u015bwiadczenie zameldowania na pobyt sta\u0142y<\/strong><\/li>\n<li><strong>Dokumentacja medyczna w tym karta zdrowia ucznia<\/strong><\/li>\n<li><strong>1 zdj\u0119cie do legitymacji szkolnej<\/strong><\/li>\n<li><strong>Inne dokumenty, je\u017celi informacje w nich zawarte maj\u0105 wp\u0142yw na projektowanie pracy socjoterapeutycznej<\/strong><\/li>\n<\/ol>\n\n\n<p><strong>E &#8211; Dziennik instrukcja<\/strong><\/p>\n\n\n\n<figure class=\"wp-block-image size-full\"><img loading=\"lazy\" decoding=\"async\" width=\"318\" height=\"159\" src=\"https:\/\/mosgliwice.pl\/wp-content\/uploads\/2023\/09\/vulcan.jpg\" alt=\"\" class=\"wp-image-1758\" srcset=\"https:\/\/mosgliwice.pl\/wp-content\/uploads\/2023\/09\/vulcan.jpg 318w, https:\/\/mosgliwice.pl\/wp-content\/uploads\/2023\/09\/vulcan-300x150.jpg 300w\" sizes=\"auto, (max-width: 318px) 100vw, 318px\" \/><\/figure>\n\n\n\n<p><br><strong>Link do dziennika elektronicznego:<\/strong> <a href=\"https:\/\/uonetplus.vulcan.net.pl\/gliwice \">https:\/\/uonetplus.vulcan.net.pl\/gliwice <\/a><\/p>\n\n\n\n<p>Rodzicu, otrzyma\u0142e\u015b dost\u0119p do dziennika elektronicznego Uczniowie Optivum NET+ (UONET+).<br>Aby zobaczy\u0107 informacje o swoim dziecku:<\/p>\n\n\n\n<ol class=\"wp-block-list\">\n<li>W pasku adresu przegl\u0105darki internetowej wpisz adres dziennika elektronicznego:<br><a href=\"https:\/\/uonetplus.vulcan.net.pl\/gliwice\">https:\/\/uonetplus.vulcan.net.pl\/gliwice<\/a><br>Kliknij przycisk Zaloguj si\u0119.<\/li>\n\n\n\n<li>Nast\u0119pnie kliknij przycisk Za\u0142\u00f3\u017c konto, a nast\u0119pnie wpisz adres e-mail, kt\u00f3ry poda\u0142e\u015b wychowawcy.<\/li>\n\n\n\n<li>Zaznacz opcj\u0119 Nie jestem robotem i kliknij przycisk Wy\u015blij wiadomo\u015b\u0107.<\/li>\n\n\n\n<li>Sprawd\u017a skrzynk\u0119 swojej poczty elektronicznej. Przeczytaj wiadomo\u015b\u0107 i kliknij link podany w tre\u015bci, aby nada\u0107 w\u0142asne has\u0142o.<\/li>\n\n\n\n<li>Wprowad\u017a nowe has\u0142o, kt\u00f3rym b\u0119dziesz si\u0119 pos\u0142ugiwa\u0142, zaznacz opcj\u0119 Nie jestem robotem i kliknij przycisk Ustaw nowe has\u0142o.<\/li>\n\n\n\n<li>Od tego momentu mo\u017cesz logowa\u0107 si\u0119 do systemu, korzystaj\u0105c z adresu e-mail i ustalonego przez siebie has\u0142a.<\/li>\n\n\n\n<li>Przegl\u0105daj informacje o swoim dziecku, otwieraj\u0105c poszczeg\u00f3lne zak\u0142adki. Informacje na temat poruszania si\u0119 w programie znajdziesz na zak\u0142adce Pomoc.<br>Dziennik elektroniczny Uczniowie Optivum NET+ zosta\u0142 wyprodukowany przez firm\u0119 VULCAN sp. z o.o.<\/li>\n<\/ol>\n","protected":false},"excerpt":{"rendered":"<p>NASZ O\u015aRODEK JEST PLAC\u00d3WK\u0104 WY\u0141\u0104CZNIE DLA CH\u0141OPC\u00d3W UCZ\u0118SZCZAJ\u0104CYCH DO KLAS 5-8 SZKO\u0141Y PODSTAWOWEJ ANEKS DO REGULAMINU PLAC\u00d3WKI zobacz GODZINY DOST\u0118PNO\u015aCI NAUCZYCIELI zobacz LISTA RZECZY DLA WYCHOWANKA MOS pobierz PROCEDURY BEZPIECZE\u0143STWA OBOWI\u0104ZUJ\u0104CE W PLAC\u00d3WCE pobierz WARUNKI PRZYJ\u0118CIA DO PLAC\u00d3WKISZANOWNI RODZICE I &hellip; <a href=\"https:\/\/mosgliwice.pl\/?page_id=2\">Czytaj dalej <span class=\"meta-nav\">&rarr;<\/span><\/a><\/p>\n","protected":false},"author":1,"featured_media":0,"parent":0,"menu_order":0,"comment_status":"closed","ping_status":"open","template":"","meta":{"footnotes":""},"class_list":["post-2","page","type-page","status-publish","hentry"],"_links":{"self":[{"href":"https:\/\/mosgliwice.pl\/index.php?rest_route=\/wp\/v2\/pages\/2","targetHints":{"allow":["GET"]}}],"collection":[{"href":"https:\/\/mosgliwice.pl\/index.php?rest_route=\/wp\/v2\/pages"}],"about":[{"href":"https:\/\/mosgliwice.pl\/index.php?rest_route=\/wp\/v2\/types\/page"}],"author":[{"embeddable":true,"href":"https:\/\/mosgliwice.pl\/index.php?rest_route=\/wp\/v2\/users\/1"}],"replies":[{"embeddable":true,"href":"https:\/\/mosgliwice.pl\/index.php?rest_route=%2Fwp%2Fv2%2Fcomments&post=2"}],"version-history":[{"count":32,"href":"https:\/\/mosgliwice.pl\/index.php?rest_route=\/wp\/v2\/pages\/2\/revisions"}],"predecessor-version":[{"id":2633,"href":"https:\/\/mosgliwice.pl\/index.php?rest_route=\/wp\/v2\/pages\/2\/revisions\/2633"}],"wp:attachment":[{"href":"https:\/\/mosgliwice.pl\/index.php?rest_route=%2Fwp%2Fv2%2Fmedia&parent=2"}],"curies":[{"name":"wp","href":"https:\/\/api.w.org\/{rel}","templated":true}]}}