{"id":88,"date":"2016-03-13T10:23:15","date_gmt":"2016-03-13T10:23:15","guid":{"rendered":"http:\/\/mosgliwice.pl\/?page_id=88"},"modified":"2024-09-09T08:00:23","modified_gmt":"2024-09-09T08:00:23","slug":"o-nas","status":"publish","type":"page","link":"https:\/\/mosgliwice.pl\/?page_id=88","title":{"rendered":"O NAS"},"content":{"rendered":"<p><strong>Misja M\u0142odzie\u017cowego O\u015brodka Socjoterapii w Gliwicach<br \/>\n<\/strong><strong>Celem dzia\u0142a\u0144 plac\u00f3wki jest pomoc m\u0142odzie\u017cy\u00a0 z zaburzeniami socjalizacji w wyr\u00f3wnywaniu szans \u017cyciowych poprzez wszechstronny rozw\u00f3j jej osobowo\u015bci, kszta\u0142towanie prawid\u0142owych postaw spo\u0142ecznych cz\u0142owieka i obywatela \u015bwiadomego swoich \u017cyciowych cel\u00f3w i wybor\u00f3w.<br \/>\n<\/strong><em>Uchwa\u0142a Rady Pedagogicznej M\u0142odzie\u017cowego O\u015brodka Socjoterapii w Gliwicach \u00a0z dnia 13.09.2013r.<\/em><\/p>\n<p><img loading=\"lazy\" decoding=\"async\" class=\"size-medium wp-image-114 aligncenter\" src=\"https:\/\/mosgliwice.pl\/wp-content\/uploads\/2016\/02\/mos1A-300x300.jpg\" alt=\"mos1A\" width=\"300\" height=\"300\" srcset=\"https:\/\/mosgliwice.pl\/wp-content\/uploads\/2016\/02\/mos1A-300x300.jpg 300w, https:\/\/mosgliwice.pl\/wp-content\/uploads\/2016\/02\/mos1A-150x150.jpg 150w, https:\/\/mosgliwice.pl\/wp-content\/uploads\/2016\/02\/mos1A.jpg 400w\" sizes=\"auto, (max-width: 300px) 100vw, 300px\" \/><br \/>\n<strong>M\u0142odzie\u017cowy O\u015brodek Socjoterapii w Gliwicach<\/strong> jest jedn\u0105 z 74 plac\u00f3wek (wg.stanu na dzie\u0144 31.03.2017 r.) dzia\u0142aj\u0105cych na terenie naszego kraju.Nasza plac\u00f3wka za g\u0142\u00f3wny cel stawia sobie pomoc w\u00a0 eliminowaniu\u00a0 przyczyn i przejaw\u00f3w zaburze\u0144 zachowania oraz przygotowanie wychowank\u00f3w do \u017cycia zgodnego z obowi\u0105zuj\u0105cymi normami spo\u0142ecznymi i prawnymi. Wychowankowie ucz\u0119szczaj\u0105cy do naszej plac\u00f3wki zostali tu skierowani na podstawie orzeczenia z poradni psychologiczno pedagogicznej lub na wniosek rodzic\u00f3w.W plac\u00f3wce funkcjonuje internat,w kt\u00f3rym mieszka 36 wychowank\u00f3w, szko\u0142a podstawowa oraz gimnazjum.<br \/>\nOpr\u00f3cz zaj\u0119\u0107 lekcyjnych wychowankowie maj\u0105 mo\u017cliwo\u015b\u0107 rozwijania swoich zainteresowa\u0144 poprzez zaj\u0119cia pozalekcyjne, z kt\u00f3rych warto wymieni\u0107 zaj\u0119cia na basenie, lodowisku i si\u0142owni oraz dzia\u0142alno\u015b\u0107 w r\u00f3\u017cnych k\u00f3\u0142kach zainteresowa\u0144. Jednym z nich jest praca ekozespo\u0142u, kt\u00f3ry efekty swojej pracy przedstawia\u00a0na stronie <a href=\"http:\/\/www.ekolodzymosgliwice.republika.pl\/\">http:\/\/www.ekolodzymosgliwice.republika.pl<\/a><\/p>\n<p><strong>Plac\u00f3wka nasza bierze udzia\u0142 w mi\u0119dzynarodowym programie GOLDEN FIVE.<br \/>\n<\/strong>Wi\u0119cej informacji dotycz\u0105cych programu na stronie <strong><a href=\"http:\/\/www.ore.edu.pl\/\">http:\/\/www.ore.edu.pl\/<\/a><\/strong><br \/>\nM\u0142odzie\u017cowy O\u015brodek Socjoterapii\u00a0przeznaczony jest dla uczni\u00f3w przejawiaj\u0105cych zaburzenia emocjonalne,takich, kt\u00f3rzy nie potrafi\u0105\u00a0funkcjonowa\u0107 w szko\u0142ach masowych, maj\u0105 problemy rodzinne lub \u015brodowiskowe i potrzebuj\u0105 wsparcia o charakterze socjoterapeutycznym.<\/p>\n<p><strong>Rekrutacja<\/strong>:<\/p>\n<ul>\n<li>na wniosek rodzic\u00f3w oraz orzeczenia Poradni Psychologiczno-Pedagogicznej o potrzebie kszta\u0142cenia specjalnego. Na podstawie art. 71b ustawy o systemie o\u015bwiaty.<\/li>\n<\/ul>\n","protected":false},"excerpt":{"rendered":"<p>Misja M\u0142odzie\u017cowego O\u015brodka Socjoterapii w Gliwicach Celem dzia\u0142a\u0144 plac\u00f3wki jest pomoc m\u0142odzie\u017cy\u00a0 z zaburzeniami socjalizacji w wyr\u00f3wnywaniu szans \u017cyciowych poprzez wszechstronny rozw\u00f3j jej osobowo\u015bci, kszta\u0142towanie prawid\u0142owych postaw spo\u0142ecznych cz\u0142owieka i obywatela \u015bwiadomego swoich \u017cyciowych cel\u00f3w i wybor\u00f3w. Uchwa\u0142a Rady Pedagogicznej &hellip; <a href=\"https:\/\/mosgliwice.pl\/?page_id=88\">Czytaj dalej <span class=\"meta-nav\">&rarr;<\/span><\/a><\/p>\n","protected":false},"author":1,"featured_media":0,"parent":0,"menu_order":0,"comment_status":"closed","ping_status":"closed","template":"","meta":{"footnotes":""},"class_list":["post-88","page","type-page","status-publish","hentry"],"_links":{"self":[{"href":"https:\/\/mosgliwice.pl\/index.php?rest_route=\/wp\/v2\/pages\/88","targetHints":{"allow":["GET"]}}],"collection":[{"href":"https:\/\/mosgliwice.pl\/index.php?rest_route=\/wp\/v2\/pages"}],"about":[{"href":"https:\/\/mosgliwice.pl\/index.php?rest_route=\/wp\/v2\/types\/page"}],"author":[{"embeddable":true,"href":"https:\/\/mosgliwice.pl\/index.php?rest_route=\/wp\/v2\/users\/1"}],"replies":[{"embeddable":true,"href":"https:\/\/mosgliwice.pl\/index.php?rest_route=%2Fwp%2Fv2%2Fcomments&post=88"}],"version-history":[{"count":8,"href":"https:\/\/mosgliwice.pl\/index.php?rest_route=\/wp\/v2\/pages\/88\/revisions"}],"predecessor-version":[{"id":1888,"href":"https:\/\/mosgliwice.pl\/index.php?rest_route=\/wp\/v2\/pages\/88\/revisions\/1888"}],"wp:attachment":[{"href":"https:\/\/mosgliwice.pl\/index.php?rest_route=%2Fwp%2Fv2%2Fmedia&parent=88"}],"curies":[{"name":"wp","href":"https:\/\/api.w.org\/{rel}","templated":true}]}}